{"id":299,"date":"2011-04-29T08:56:46","date_gmt":"2011-04-29T08:56:46","guid":{"rendered":"http:\/\/www.chamblenvi.com\/wordpress\/?page_id=299"},"modified":"2012-02-19T15:18:14","modified_gmt":"2012-02-19T15:18:14","slug":"liens","status":"publish","type":"page","link":"https:\/\/www.chamblenvi.com\/wordpress\/?page_id=299","title":{"rendered":"Liens"},"content":{"rendered":"<p><a href=\"http:\/\/www.frapna-loire.org\/bienvenue-a-la-frapna-loire.html\"><img loading=\"lazy\" decoding=\"async\" class=\"alignleft size-full wp-image-304\" title=\"logo-frapna\" src=\"https:\/\/www.chamblenvi.com\/wordpress\/wp-content\/uploads\/2011\/05\/logo-frapna-e1304270520684.gif\" alt=\"FRAPNA de la Loire\" width=\"75\" height=\"92\" \/><\/a><\/p>\n<p><strong> FRAPNA<\/strong> de la LOIRE\u00a0\u00a0 F\u00e9d\u00e9ration Rh\u00f4ne Alpes de Protection de la Nature<\/p>\n<p>&nbsp;<\/p>\n<p><a href=\"http:\/\/www.loire.lpo.fr\/index.html\"><img loading=\"lazy\" decoding=\"async\" class=\"alignleft size-full wp-image-303\" title=\"logo_lpo_bandeau\" src=\"https:\/\/www.chamblenvi.com\/wordpress\/wp-content\/uploads\/2011\/05\/logo_lpo_bandeau-e1304270542796.jpg\" alt=\"La LPO de la Loire\" width=\"74\" height=\"74\" \/><\/a> La <strong>LPO <\/strong>de la LOIRE\u00a0\u00a0\u00a0 La Ligue pour la Protection des Oiseaux<\/p>\n<p>&nbsp;<\/p>\n<p><a href=\"http:\/\/www.jardins-oasis.org\"><img loading=\"lazy\" decoding=\"async\" class=\"alignleft size-full wp-image-427\" title=\"OASIS\" src=\"https:\/\/www.chamblenvi.com\/wordpress\/wp-content\/uploads\/2011\/09\/OASIS.jpg\" alt=\"\" width=\"223\" height=\"75\" \/><\/a> <strong> <\/strong><\/p>\n<p><strong>OASIS<\/strong> Jardins de Cocagne\u00a0\u00a0 St Just St Rambert<\/p>\n<p>&nbsp;<\/p>\n<p><strong> <\/strong><\/p>\n<p><strong><a href=\"http:\/\/www.loireforez.com\/\"><img loading=\"lazy\" decoding=\"async\" class=\"alignleft size-thumbnail wp-image-609\" title=\"LoireForez\" src=\"https:\/\/www.chamblenvi.com\/wordpress\/wp-content\/uploads\/2011\/04\/LoireForez-150x104.jpg\" alt=\"\" width=\"150\" height=\"104\" \/><\/a><\/strong><\/p>\n<p><strong>LOIRE FOREZ <\/strong>office du tourisme de Montbrison StJust StRambert<\/p>\n<p>&nbsp;<\/p>\n","protected":false},"excerpt":{"rendered":"<p>FRAPNA de la LOIRE\u00a0\u00a0 F\u00e9d\u00e9ration Rh\u00f4ne Alpes de Protection de la Nature &nbsp; La LPO de la LOIRE\u00a0\u00a0\u00a0 La Ligue pour la Protection des Oiseaux &nbsp; OASIS Jardins de Cocagne\u00a0\u00a0 St Just St Rambert &nbsp; LOIRE FOREZ office du tourisme &hellip; <a href=\"https:\/\/www.chamblenvi.com\/wordpress\/?page_id=299\">Continuer la lecture <span class=\"meta-nav\">&rarr;<\/span><\/a><\/p>\n","protected":false},"author":1,"featured_media":0,"parent":0,"menu_order":15,"comment_status":"open","ping_status":"open","template":"","meta":{"ngg_post_thumbnail":0,"footnotes":""},"class_list":["post-299","page","type-page","status-publish","hentry"],"_links":{"self":[{"href":"https:\/\/www.chamblenvi.com\/wordpress\/index.php?rest_route=\/wp\/v2\/pages\/299","targetHints":{"allow":["GET"]}}],"collection":[{"href":"https:\/\/www.chamblenvi.com\/wordpress\/index.php?rest_route=\/wp\/v2\/pages"}],"about":[{"href":"https:\/\/www.chamblenvi.com\/wordpress\/index.php?rest_route=\/wp\/v2\/types\/page"}],"author":[{"embeddable":true,"href":"https:\/\/www.chamblenvi.com\/wordpress\/index.php?rest_route=\/wp\/v2\/users\/1"}],"replies":[{"embeddable":true,"href":"https:\/\/www.chamblenvi.com\/wordpress\/index.php?rest_route=%2Fwp%2Fv2%2Fcomments&post=299"}],"version-history":[{"count":31,"href":"https:\/\/www.chamblenvi.com\/wordpress\/index.php?rest_route=\/wp\/v2\/pages\/299\/revisions"}],"predecessor-version":[{"id":616,"href":"https:\/\/www.chamblenvi.com\/wordpress\/index.php?rest_route=\/wp\/v2\/pages\/299\/revisions\/616"}],"wp:attachment":[{"href":"https:\/\/www.chamblenvi.com\/wordpress\/index.php?rest_route=%2Fwp%2Fv2%2Fmedia&parent=299"}],"curies":[{"name":"wp","href":"https:\/\/api.w.org\/{rel}","templated":true}]}}